{"id":29,"date":"2019-05-01T21:55:16","date_gmt":"2019-05-01T21:55:16","guid":{"rendered":"http:\/\/berthoudwinery.com\/?page_id=29"},"modified":"2025-06-23T19:50:14","modified_gmt":"2025-06-23T19:50:14","slug":"our-wines","status":"publish","type":"page","link":"https:\/\/berthoudwinery.com\/?page_id=29","title":{"rendered":"Wines"},"content":{"rendered":"\n<div class=\"wp-block-columns is-layout-flex wp-container-core-columns-is-layout-1 wp-block-columns-is-layout-flex\" style=\"padding-top:4em\">\n<div class=\"wp-block-column is-vertically-aligned-stretch is-layout-flow wp-block-column-is-layout-flow\">\n<figure class=\"wp-block-image alignright size-large is-resized\"><img loading=\"lazy\" decoding=\"async\" width=\"681\" height=\"1024\" src=\"http:\/\/berthoudwinery.com\/wp-content\/uploads\/2024\/09\/DSC_0255-681x1024.jpg\" alt=\"Bottle and glass of Chasselas Dore\" class=\"wp-image-775\" style=\"width:243px;height:auto\" srcset=\"https:\/\/berthoudwinery.com\/wp-content\/uploads\/2024\/09\/DSC_0255-681x1024.jpg 681w, https:\/\/berthoudwinery.com\/wp-content\/uploads\/2024\/09\/DSC_0255-199x300.jpg 199w, https:\/\/berthoudwinery.com\/wp-content\/uploads\/2024\/09\/DSC_0255-768x1155.jpg 768w, https:\/\/berthoudwinery.com\/wp-content\/uploads\/2024\/09\/DSC_0255-1021x1536.jpg 1021w, https:\/\/berthoudwinery.com\/wp-content\/uploads\/2024\/09\/DSC_0255-1362x2048.jpg 1362w, https:\/\/berthoudwinery.com\/wp-content\/uploads\/2024\/09\/DSC_0255-scaled.jpg 1702w\" sizes=\"(max-width: 681px) 100vw, 681px\" \/><\/figure>\n<\/div>\n\n\n\n<div class=\"wp-block-column is-layout-flow wp-block-column-is-layout-flow\">\n<div class=\"wp-block-group is-layout-flow wp-block-group-is-layout-flow\">\n<h3 class=\"wp-block-heading\">2021 Chasselas Dor\u00e9<\/h3>\n\n\n\n<p>Chasselas Dor\u00e9 is the most commonly grown grape in Switzerland but is virtually unknown in the United States. <br><br>Our Chasselas Dor\u00e9 is made to emulate the best of Switzerland- clean, crisp, low in alcohol (only 12%), and just an ever-so-slight hint of effervescence. It has a unique flavor that must be experienced to appreciate. A natural complement to fondue, shellfish, and virtually any cheese.<\/p>\n\n\n\n<h4 class=\"wp-block-heading\"><em>$30 per bottle<\/em><\/h4>\n<\/div>\n<\/div>\n<\/div>\n\n\n\n<hr class=\"wp-block-separator has-css-opacity\"\/>\n\n\n\n<div class=\"wp-block-columns is-layout-flex wp-container-core-columns-is-layout-2 wp-block-columns-is-layout-flex\" style=\"padding-top:4em\">\n<div class=\"wp-block-column is-layout-flow wp-block-column-is-layout-flow\">\n<figure class=\"wp-block-image alignright size-large is-resized\"><img loading=\"lazy\" decoding=\"async\" width=\"681\" height=\"1024\" src=\"http:\/\/berthoudwinery.com\/wp-content\/uploads\/2024\/09\/DSC_0248-681x1024.jpg\" alt=\"Berthoud Syrah bottle and glass of wine\" class=\"wp-image-771\" style=\"width:243px;height:auto\" srcset=\"https:\/\/berthoudwinery.com\/wp-content\/uploads\/2024\/09\/DSC_0248-681x1024.jpg 681w, https:\/\/berthoudwinery.com\/wp-content\/uploads\/2024\/09\/DSC_0248-199x300.jpg 199w, https:\/\/berthoudwinery.com\/wp-content\/uploads\/2024\/09\/DSC_0248-768x1155.jpg 768w, https:\/\/berthoudwinery.com\/wp-content\/uploads\/2024\/09\/DSC_0248-1021x1536.jpg 1021w, https:\/\/berthoudwinery.com\/wp-content\/uploads\/2024\/09\/DSC_0248-1362x2048.jpg 1362w, https:\/\/berthoudwinery.com\/wp-content\/uploads\/2024\/09\/DSC_0248-scaled.jpg 1702w\" sizes=\"(max-width: 681px) 100vw, 681px\" \/><\/figure>\n<\/div>\n\n\n\n<div class=\"wp-block-column is-layout-flow wp-block-column-is-layout-flow\">\n<div class=\"wp-block-group is-layout-flow wp-block-group-is-layout-flow\">\n<h3 class=\"wp-block-heading\">2008 Syrah<\/h3>\n\n\n\n<p>Producing only 75 cases annually from around 300 vines on the Berthoud Property. <\/p>\n<\/div>\n\n\n\n<p>Our Syrah is truly an artisanal wine with red and dark berry flavors but is not over-extracted. With a balanced structure and well-integrated oak, this wine begs for a great meal.<\/p>\n\n\n\n<div class=\"wp-block-group is-layout-flow wp-block-group-is-layout-flow\">\n<h4 class=\"wp-block-heading\"><em>$50 per bottle<\/em><\/h4>\n<\/div>\n<\/div>\n<\/div>\n\n\n\n<div class=\"wp-block-columns is-layout-flex wp-container-core-columns-is-layout-3 wp-block-columns-is-layout-flex\" style=\"padding-top:4em\">\n<div class=\"wp-block-column is-layout-flow wp-block-column-is-layout-flow\">\n<figure class=\"wp-block-image alignright size-large is-resized\"><img loading=\"lazy\" decoding=\"async\" width=\"681\" height=\"1024\" src=\"http:\/\/berthoudwinery.com\/wp-content\/uploads\/2024\/09\/DSC_0260-681x1024.jpg\" alt=\"Bottle and glass of Ursus Minor\" class=\"wp-image-776\" style=\"width:243px;height:auto\" srcset=\"https:\/\/berthoudwinery.com\/wp-content\/uploads\/2024\/09\/DSC_0260-681x1024.jpg 681w, https:\/\/berthoudwinery.com\/wp-content\/uploads\/2024\/09\/DSC_0260-199x300.jpg 199w, https:\/\/berthoudwinery.com\/wp-content\/uploads\/2024\/09\/DSC_0260-768x1155.jpg 768w, https:\/\/berthoudwinery.com\/wp-content\/uploads\/2024\/09\/DSC_0260-1021x1536.jpg 1021w, https:\/\/berthoudwinery.com\/wp-content\/uploads\/2024\/09\/DSC_0260-1362x2048.jpg 1362w, https:\/\/berthoudwinery.com\/wp-content\/uploads\/2024\/09\/DSC_0260-scaled.jpg 1702w\" sizes=\"(max-width: 681px) 100vw, 681px\" \/><\/figure>\n<\/div>\n\n\n\n<div class=\"wp-block-column is-layout-flow wp-block-column-is-layout-flow\">\n<div class=\"wp-block-group is-layout-flow wp-block-group-is-layout-flow\">\n<h3 class=\"wp-block-heading\">2010 Ursus Minor<\/h3>\n\n\n\n<p>This old-world style Bordeaux blend is our staple for a delicious meal.<\/p>\n\n\n\n<p>Much like its muscular counterpart, Ursus Minor is a blend consisting of Cabernet Sauvignon, Merlot, Cabernet Franc, Malbec, and Petite Verdot from grapes grown on the Berthoud Estate. While in a different combination than the Ursus, these grapes maintain the structure and balance of this bold wine<\/p>\n\n\n\n<h4 class=\"wp-block-heading\"><em>$45 per bottle<\/em><\/h4>\n<\/div>\n<\/div>\n<\/div>\n\n\n\n<hr class=\"wp-block-separator has-css-opacity\"\/>\n\n\n\n<div class=\"wp-block-columns is-layout-flex wp-container-core-columns-is-layout-4 wp-block-columns-is-layout-flex\" style=\"padding-top:4em\">\n<div class=\"wp-block-column is-layout-flow wp-block-column-is-layout-flow\">\n<figure class=\"wp-block-image alignright size-large is-resized\"><img loading=\"lazy\" decoding=\"async\" width=\"681\" height=\"1024\" src=\"http:\/\/berthoudwinery.com\/wp-content\/uploads\/2024\/09\/Copy-of-DSC_0242-681x1024.jpg\" alt=\"Bottle and glass of Ursus \" class=\"wp-image-713\" style=\"width:243px;height:auto\" srcset=\"https:\/\/berthoudwinery.com\/wp-content\/uploads\/2024\/09\/Copy-of-DSC_0242-681x1024.jpg 681w, https:\/\/berthoudwinery.com\/wp-content\/uploads\/2024\/09\/Copy-of-DSC_0242-199x300.jpg 199w, https:\/\/berthoudwinery.com\/wp-content\/uploads\/2024\/09\/Copy-of-DSC_0242-768x1155.jpg 768w, https:\/\/berthoudwinery.com\/wp-content\/uploads\/2024\/09\/Copy-of-DSC_0242-1021x1536.jpg 1021w, https:\/\/berthoudwinery.com\/wp-content\/uploads\/2024\/09\/Copy-of-DSC_0242-1362x2048.jpg 1362w, https:\/\/berthoudwinery.com\/wp-content\/uploads\/2024\/09\/Copy-of-DSC_0242-scaled.jpg 1702w\" sizes=\"(max-width: 681px) 100vw, 681px\" \/><\/figure>\n<\/div>\n\n\n\n<div class=\"wp-block-column is-layout-flow wp-block-column-is-layout-flow\">\n<div class=\"wp-block-group is-layout-flow wp-block-group-is-layout-flow\">\n<h3 class=\"wp-block-heading\">2012 Ursus<\/h3>\n\n\n\n<p>Our original and most elegant Bordeaux blend is perfectly paired with a French-style meal.<br><br>Ursus is the name of our proprietary blend consisting of Cabernet Sauvignon, Merlot, Cabernet Franc, and Petite Verdot. All of the grapes used to produce this blend are grown on the Berthoud Estate. Ursus is the Latin word for Bear, while Berthoud is pronounced: Bear-Too. Just like the bear, Ursus is a muscular wine while maintaining an elegant balance. Made in an old-world style, this wine is best enjoyed with a meal.<\/p>\n\n\n\n<h4 class=\"wp-block-heading\"><em>$60 per bottle<\/em><\/h4>\n<\/div>\n<\/div>\n<\/div>\n\n\n\n<hr class=\"wp-block-separator has-css-opacity\"\/>\n\n\n\n<div class=\"wp-block-buttons is-content-justification-center is-layout-flex wp-container-core-buttons-is-layout-1 wp-block-buttons-is-layout-flex\">\n<div class=\"wp-block-button\"><a class=\"wp-block-button__link has-text-align-center wp-element-button\" href=\"info@berthoudwinery.com\">Email Us to Purchase<\/a><\/div>\n<\/div>\n\n\n\n<p class=\"has-text-align-center\"><em>We offer military and first responder discounts, please contact us to inquire!<\/em><\/p>\n","protected":false},"excerpt":{"rendered":"<p>2021 Chasselas Dor\u00e9 Chasselas Dor\u00e9 is the most commonly grown grape in Switzerland but is virtually unknown in the United States. Our Chasselas Dor\u00e9 is made to emulate the best of Switzerland- clean, crisp, low in alcohol (only 12%), and just an ever-so-slight hint of effervescence. It has a unique flavor that must be experienced [&hellip;]<\/p>\n","protected":false},"author":2,"featured_media":0,"parent":0,"menu_order":2,"comment_status":"closed","ping_status":"closed","template":"","meta":{"footnotes":""},"jetpack_sharing_enabled":true,"_links":{"self":[{"href":"https:\/\/berthoudwinery.com\/index.php?rest_route=\/wp\/v2\/pages\/29"}],"collection":[{"href":"https:\/\/berthoudwinery.com\/index.php?rest_route=\/wp\/v2\/pages"}],"about":[{"href":"https:\/\/berthoudwinery.com\/index.php?rest_route=\/wp\/v2\/types\/page"}],"author":[{"embeddable":true,"href":"https:\/\/berthoudwinery.com\/index.php?rest_route=\/wp\/v2\/users\/2"}],"replies":[{"embeddable":true,"href":"https:\/\/berthoudwinery.com\/index.php?rest_route=%2Fwp%2Fv2%2Fcomments&post=29"}],"version-history":[{"count":77,"href":"https:\/\/berthoudwinery.com\/index.php?rest_route=\/wp\/v2\/pages\/29\/revisions"}],"predecessor-version":[{"id":2406,"href":"https:\/\/berthoudwinery.com\/index.php?rest_route=\/wp\/v2\/pages\/29\/revisions\/2406"}],"wp:attachment":[{"href":"https:\/\/berthoudwinery.com\/index.php?rest_route=%2Fwp%2Fv2%2Fmedia&parent=29"}],"curies":[{"name":"wp","href":"https:\/\/api.w.org\/{rel}","templated":true}]}}